{"id":1775,"date":"2021-11-08T16:39:37","date_gmt":"2021-11-08T14:39:37","guid":{"rendered":"https:\/\/fcg.diginetwork.ee\/dispatch-trip-support\/"},"modified":"2024-03-20T15:02:25","modified_gmt":"2024-03-20T13:02:25","slug":"dispatch-trip-support","status":"publish","type":"page","link":"https:\/\/fcg.diginetwork.ee\/lv\/dispatch-trip-support\/","title":{"rendered":"Lidojumu pl\u0101no\u0161ana, koordin\u0113\u0161ana un vad\u012bba"},"content":{"rendered":"","protected":false},"excerpt":{"rendered":"","protected":false},"author":1,"featured_media":0,"parent":0,"menu_order":0,"comment_status":"closed","ping_status":"closed","template":"dispatch.php","meta":{"_acf_changed":false,"om_disable_all_campaigns":false,"inline_featured_image":false,"_monsterinsights_skip_tracking":false,"_monsterinsights_sitenote_active":false,"_monsterinsights_sitenote_note":"","_monsterinsights_sitenote_category":0,"_uf_show_specific_survey":0,"_uf_disable_surveys":false,"footnotes":""},"class_list":["post-1775","page","type-page","status-publish","hentry"],"acf":[],"aioseo_notices":[],"_links":{"self":[{"href":"https:\/\/fcg.diginetwork.ee\/lv\/wp-json\/wp\/v2\/pages\/1775","targetHints":{"allow":["GET"]}}],"collection":[{"href":"https:\/\/fcg.diginetwork.ee\/lv\/wp-json\/wp\/v2\/pages"}],"about":[{"href":"https:\/\/fcg.diginetwork.ee\/lv\/wp-json\/wp\/v2\/types\/page"}],"author":[{"embeddable":true,"href":"https:\/\/fcg.diginetwork.ee\/lv\/wp-json\/wp\/v2\/users\/1"}],"replies":[{"embeddable":true,"href":"https:\/\/fcg.diginetwork.ee\/lv\/wp-json\/wp\/v2\/comments?post=1775"}],"version-history":[{"count":15,"href":"https:\/\/fcg.diginetwork.ee\/lv\/wp-json\/wp\/v2\/pages\/1775\/revisions"}],"predecessor-version":[{"id":5010,"href":"https:\/\/fcg.diginetwork.ee\/lv\/wp-json\/wp\/v2\/pages\/1775\/revisions\/5010"}],"wp:attachment":[{"href":"https:\/\/fcg.diginetwork.ee\/lv\/wp-json\/wp\/v2\/media?parent=1775"}],"curies":[{"name":"wp","href":"https:\/\/api.w.org\/{rel}","templated":true}]}}